{"id":28,"date":"2017-10-19T08:47:47","date_gmt":"2017-10-19T07:47:47","guid":{"rendered":"http:\/\/energy-masaze.cz\/?page_id=28"},"modified":"2024-11-05T20:31:07","modified_gmt":"2024-11-05T19:31:07","slug":"one-page-express","status":"publish","type":"page","link":"https:\/\/energy-masaze.cz\/","title":{"rendered":"Front Page"},"content":{"rendered":"<div  id=\"content-4\" style=\"background-color: #f6f6f6;\" data-label=\"Content\" data-id=\"content-image-right\" data-category=\"content\" class=\"content-right-image-section\">\n<div  class=\"gridContainer\">\n<div  class=\"content-right-image-gridcol\">\n<div  class=\"content-right-image-textcol dynamic-color\" data-type=\"column\">\n<h2  class=\"\">Nechte sv\u00e9 t\u011blo\n\ni du\u0161i odpo\u010dinout \u2026<\/h2>\n<p  class=\"large_text\">P\u0159ij\u010fte si odpo\u010dinout, osv\u011b\u017eit se, na\u010derpat nov\u00e9 s\u00edly, zv\u00fd\u0161it si sebev\u011bdom\u00ed a zbavit se stresu a zdravotn\u00edch pot\u00ed\u017e\u00ed spojen\u00fdch s va\u0161\u00edm usp\u011bchan\u00fdm a n\u00e1ro\u010dn\u00fdm zp\u016fsobem \u017eivota. P\u0159ij\u010fte a nechte se h\u00fd\u010dkat Nab\u00edz\u00edm V\u00e1m p\u0159\u00edjemn\u00e9 prost\u0159ed\u00ed, relaxaci p\u0159i sv\u00ed\u010dk\u00e1ch s p\u0159\u00edjemnou hudbou nebo i tichem.<\/p>\n\n<\/div>\n<div  class=\"content-right-image-imgcol\" data-type=\"column\"><img  decoding=\"async\" src=\"http:\/\/energy-masaze.cz\/wp-content\/uploads\/2017\/11\/D16.jpg\" class=\"\"><\/div>\n<\/div>\n<\/div>\n<\/div><div  id=\"cta-1\" data-label=\"Call to action\" data-id=\"cta-blue-section\" data-category=\"cta\" class=\"cta-blue-section\">\n<div  class=\"gridContainer\">\n<div  class=\"flexbox-list flexbox-list-align-center row\">\n<div  class=\"cta-blue-textcol dynamic-color\">\n<h2  class=\"cta-blue-text\">T\u011bhotensk\u00e1 mas\u00e1\u017e a mas\u00e1\u017e kojenc\u016f<\/h2>\n<\/div>\n<div  class=\"cta-blue-btncol\"><a  class=\"button big yellow dark-text\" href=\"https:\/\/energy-masaze.cz\/?page_id=216&amp;customize_autosaved=on&amp;&amp;\">V\u00edce o t\u011bhotensk\u00e9 mas\u00e1\u017ei<\/a><\/div>\n<\/div>\n<\/div>\n<\/div><div  data-label=\"\u010c\u00ednsk\u00e1 tlakov\u00e1 mas\u00e1\u017e\" data-id=\"content-image-left\" data-category=\"content\" class=\"content-left-image-section content-image-left\" id=\"cinska-tlakova-masaz\" style=\"background-color: #f6f6f6;\">\n<div  class=\"gridContainer\">\n<div  class=\"row\">\n<div  class=\"content-left-image-imgcol\" data-type=\"column\"><img  decoding=\"async\" src=\"http:\/\/energy-masaze.cz\/wp-content\/uploads\/2017\/10\/11083639_1017776844918566_6850558711600395969_n.png\" class=\"\"><\/div>\n<div  class=\"content-left-image-textcol dynamic-color\" data-type=\"column\">\n<h2  class=\"\">\u010c\u00ednsk\u00e1 tlakov\u00e1 mas\u00e1\u017e<\/h2>\n<p  class=\"large_text\">Z\u00e1klady\u202ft\u00e9to mas\u00e1\u017ee jsou star\u00e9\u202fp\u0159ibli\u017en\u011b 3 000 let, \u010c\u00ednsk\u00e1 tlakov\u00e1 mas\u00e1\u017e je sou\u010d\u00e1st\u00ed tradi\u010dn\u00ed \u010d\u00ednsk\u00e9 medic\u00edny.<\/p>\n<a class=\"button blue\" href=\"https:\/\/energy-masaze.cz\/?page_id=63&amp;customize_autosaved=on&amp;&amp;\" target=\"_self\" rel=\"noopener\"> \u010c\u00edst d\u00e1l\u2026 <\/a>\n\n<\/div>\n<\/div>\n<\/div>\n<\/div><div  id=\"about-1\" style=\"background-color: #f6f6f6;\" data-label=\"About\" data-id=\"about-big-images-section\" data-category=\"about\" class=\"about-big-images-section\">\n<div  class=\"\">\n<div  class=\"about-big-images-textrow\">\n<div  class=\"about-big-images-textcol dynamic-color\" data-type=\"column\">\n<h5  class=\"\">O m\u011b \u2013 Lenka Tich\u00e1<\/h5>\n<h3  class=\"\">Tuto pr\u00e1ci d\u011bl\u00e1m nejen rukama, ale p\u0159edev\u0161\u00edm srdcem a s\u202fl\u00e1skou<\/h3>\n<p  class=\"\">Nejv\u011bt\u0161\u00ed odm\u011bnou pro m\u011b je v\u017edy \u0161\u0165astn\u00e1 tv\u00e1\u0159\u202fklienta, kter\u00fd se raduje ze \u017eivota bez bolest\u00ed, kter\u00e9 p\u0159edch\u00e1zely, ne\u017e vzali odvahu poznat kouzlo mas\u00e1\u017e\u00ed. Nab\u00edz\u00edm v\u00e1m m\u00edsto, kde m\u016f\u017eete na chv\u00edli zapomenout na starosti v\u0161edn\u00edch dn\u016f a p\u0159\u00edjemn\u011b relaxovat p\u0159i mas\u00e1\u017ei. Mas\u00e1\u017ee zad a \u0161\u00edje V\u00e1m pomohou od bolest\u00ed a zatuhl\u00fdch m\u00edst na Va\u0161em t\u011ble. Mas\u00e1\u017ee dok\u00e1\u017e\u00ed \u0159e\u0161it i probl\u00e9my psychick\u00e9ho charakteru. Pouze pravideln\u00e1 mas\u00e1\u017e dok\u00e1\u017ee vy\u0159e\u0161it Va\u0161e probl\u00e9my. Ka\u017ed\u00e9 t\u011blo je ur\u010deno k tomu, aby sebe samo l\u00e9\u010dilo, ale nedostatek sp\u00e1nku, stres a bolest \u010dasto br\u00e1n\u00ed t\u011blu schopnost rehabilitovat. A\u0165 u\u017e chcete na\u010derpat energii, vr\u00e1tit t\u011blu schopnost rehabilitovat nebo prost\u011b jen relaxovat, mas\u00e1\u017ee v\u00e1m poskytnou komplexn\u00ed a individu\u00e1ln\u00ed slu\u017eby k maxim\u00e1ln\u00edmu vyu\u017eit\u00ed v\u00fdhod mas\u00e1\u017ee P\u0159i mas\u00e1\u017e\u00edch pou\u017e\u00edv\u00e1m v\u00fdhradn\u011b \u010dist\u011b p\u0159\u00edrodn\u00ed bio oleje v kombinaci s vysoce kvalitn\u00edmi esenci\u00e1ln\u00edmi oleji firmy. Tyto oleje maj\u00ed d\u00edky obsa\u017een\u00fdm vitam\u00edn\u016fm \u00fa\u010dinek je\u0161t\u011b dlouho po mas\u00e1\u017ei.<\/p>\n\n<\/div>\n<\/div>\n<\/div>\n<div  class=\"about-big-images-bottomrow\">\n<div  class=\"about-big-images-leftimgcol\"><img  decoding=\"async\" class=\"about-big-images-leftimg\" src=\"http:\/\/energy-masaze.cz\/wp-content\/uploads\/2017\/11\/D26.jpg\"><\/div>\n<div  class=\"about-big-images-centerimgcol\"><img  decoding=\"async\" class=\"about-big-images-centerimg\" src=\"http:\/\/energy-masaze.cz\/wp-content\/uploads\/2017\/11\/D28E.jpg\"><\/div>\n<div  class=\"about-big-images-rightimgcol\"><img  decoding=\"async\" class=\"about-big-images-rightimg\" src=\"http:\/\/energy-masaze.cz\/wp-content\/uploads\/2017\/11\/D28.jpg\"><\/div>\n<\/div>\n<\/div><div  data-label=\"Overlapable\" data-id=\"stripped-features-image-cards-section\" data-category=\"overlapable\" data-=\"\" class=\"features-image-cards-section stripped-features-image-cards-section\" data-overlap=\"true\" id=\"overlapable-3\" style=\"background-color: #ffffff;\">\n<div  class=\"gridContainer\">\n<div  class=\"features-image-cards-innerrow flexbox-list\" data-type=\"row\">\n<div  class=\"features-image-cards-cardcol cp6cols-tablet cp3cols\">\n<div  class=\"features-image-cards-cardrow\">\n\n<img  decoding=\"async\" class=\"features-image-cards-featimg\" src=\"http:\/\/energy-masaze.cz\/wp-content\/uploads\/2017\/11\/D17.jpg\">\n<div  class=\"features-image-cards-cardtextrow\" data-type=\"column\">\n<h4  class=\"\">P\u0159ed mas\u00e1\u017e\u00ed<\/h4>\n<p  class=\"\">Pro V\u00e1\u0161 dobr\u00fd pocit a pro lep\u0161\u00ed \u00fa\u010dinky mas\u00e1\u017ee je vhodn\u00e9 se p\u0159ed mas\u00e1\u017e\u00ed osprchovat. T\u011blo se dob\u0159e prokrv\u00ed a mas\u00e1\u017en\u00ed oleje se pak l\u00e9pe vst\u0159ebaj\u00ed a \u00fa\u010dinek mas\u00e1\u017ee se zv\u00fd\u0161\u00ed.<\/p>\n\n\n<hr  class=\"features-image-cards-separator\">\n\n<a href=\"#\" class=\"\" target=\"_self\" data-reiki-hidden=\"true\" rel=\"noopener\"><i  class=\"font-icon-22 fa fa-arrow-circle-right\" data-cp-fa=\"true\"><\/i>&nbsp;learn more<\/a> <a class=\"button blue\" href=\"https:\/\/energy-masaze.cz\/?page_id=39&amp;customize_autosaved=on&amp;&amp;\" target=\"_self\" rel=\"noopener\">\u010c\u00edst d\u00e1l\u2026<\/a>\n\n<\/div>\n<\/div>\n<\/div>\n<div  class=\"features-image-cards-cardcol cp6cols-tablet cp3cols\">\n<div  class=\"features-image-cards-cardrow\">\n\n<img  decoding=\"async\" class=\"features-image-cards-featimg\" src=\"http:\/\/energy-masaze.cz\/wp-content\/uploads\/2017\/11\/D21E.jpg\">\n<div  class=\"features-image-cards-cardtextrow\" data-type=\"column\">\n<h4  class=\"\">Kontraindikace<\/h4>\n<p  class=\"\">Rozum\u00edme stav, kdy nelze prov\u00e1d\u011bt mas\u00e1\u017e v\u016fbec (kontraindikace celkov\u00e1\u202fnebo\u202fabsolutn\u00ed), nebo neprov\u00e1d\u00edme mas\u00e1\u017e na ur\u010dit\u00fdch \u010d\u00e1stech t\u011bla (kontraindikace m\u00edstn\u00ed\u202fnebo\u202frelativni)<\/p>\n\n\n<hr  class=\"features-image-cards-separator\">\n\n<a class=\"button blue\" href=\"https:\/\/energy-masaze.cz\/?page_id=43&amp;customize_autosaved=on&amp;&amp;\" target=\"_self\" rel=\"noopener\">\u010c\u00edst d\u00e1l<\/a>\n\n<\/div>\n<\/div>\n<\/div>\n<div  class=\"features-image-cards-cardcol cp6cols-tablet cp3cols\">\n<div  class=\"features-image-cards-cardrow\">\n\n<img  decoding=\"async\" class=\"features-image-cards-featimg\" src=\"http:\/\/energy-masaze.cz\/wp-content\/uploads\/2017\/11\/D19E.jpg\">\n<div  class=\"features-image-cards-cardtextrow\" data-type=\"column\">\n<h4  class=\"\">Po mas\u00e1\u017ei<\/h4>\n<p  class=\"\">Kdo nen\u00ed zvykl\u00fd, m\u016f\u017ee se druh\u00fd den c\u00edtit \u201erozl\u00e1man\u00fd, bolav\u00fd\u201c. Citliv\u00ed lid\u00e9 mohou poci\u0165ovat \u00fanavu \u2013 t\u011blo m\u00e1 te\u010f dost pr\u00e1ce s vylu\u010dov\u00e1n\u00edm toxin\u016f. Oboj\u00ed je v po\u0159\u00e1dku a brzy p\u0159ejde.<\/p>\n\n\n<hr  class=\"features-image-cards-separator\">\n\n<a class=\"button blue\" href=\"https:\/\/energy-masaze.cz\/?page_id=46&amp;customize_autosaved=on&amp;&amp;\" target=\"_self\" rel=\"noopener\">\u010d\u00edst d\u00e1l\u2026<\/a>\n\n<\/div>\n<\/div>\n<\/div>\n<div  class=\"features-image-cards-cardcol cp6cols-tablet cp3cols\">\n<div  class=\"features-image-cards-cardrow\">\n\n<img  decoding=\"async\" class=\"features-image-cards-featimg\" src=\"http:\/\/energy-masaze.cz\/wp-content\/uploads\/2024\/11\/voucher3.jpg\">\n<div  class=\"features-image-cards-cardtextrow\" data-type=\"column\">\n<h4  class=\"\">Vouchery<\/h4>\n<p  class=\"\">Darujte sv\u00fdm bl\u00edzk\u00fdm n\u011bco v\u00fdjime\u010dn\u00e9ho \u2013 voucher na mas\u00e1\u017ee! Tento d\u00e1rek je ide\u00e1ln\u00edm zp\u016fsobem, jak pot\u011b\u0161it sv\u00e9 kamar\u00e1dy, rodinu nebo kolegy.<\/p>\n\n\n<hr  class=\"features-image-cards-separator\">\n\n<a href=\"#\" class=\"\" target=\"_self\" data-reiki-hidden=\"true\" rel=\"noopener\"><i  class=\"font-icon-22 fa fa-arrow-circle-right\" data-cp-fa=\"true\"><\/i>&nbsp;learn more<\/a> <a class=\"button blue\" href=\"https:\/\/energy-masaze.cz\/?page_id=225&amp;customize_autosaved=on&amp;&amp;\" target=\"_self\" rel=\"noopener\">\u010c\u00edst d\u00e1l\u2026<\/a>\n\n<\/div>\n<\/div>\n<\/div><\/div>\n<\/div>\n<\/div><div  id=\"contact-4\" data-label=\"Contact\" data-id=\"contact-section\" data-category=\"contact\" data-bg=\"transparent\" class=\"contact-section-formsection white-text\">\n<div  class=\"\">\n<div  class=\"row_224\">\n<div  class=\"contact-textrow\">\n<div  class=\"contact-textcol dynamic-color\">\n<h2  class=\"\">Napi\u0161te mi nebo mi zavolejte na telefonn\u00ed \u010d\u00edslo 777 212 992<\/h2>\n<p  class=\"white_text\"><\/p>\n\n<\/div>\n<\/div>\n<\/div>\n<div  class=\"contact-formcol\" data-content-shortcode=\"one_page_express_contact_form shortcode=&quot;contact-form-7 id=&amp;amp;quot;27&amp;amp;quot; title=&amp;amp;quot;Kontakt&amp;amp;quot;&quot;\" data-editable=\"true\">\n<div class=\"wpcf7 no-js\" id=\"wpcf7-f27-o1\" lang=\"cs-CZ\" dir=\"ltr\" data-wpcf7-id=\"27\">\n<div class=\"screen-reader-response\"><p role=\"status\" aria-live=\"polite\" aria-atomic=\"true\"><\/p> <ul><\/ul><\/div>\n<form action=\"\/index.php?rest_route=%2Fwp%2Fv2%2Fpages%2F28#wpcf7-f27-o1\" method=\"post\" class=\"wpcf7-form init\" aria-label=\"Kontaktn\u00ed formul\u00e1\u0159\" novalidate=\"novalidate\" data-status=\"init\">\n<fieldset class=\"hidden-fields-container\"><input type=\"hidden\" name=\"_wpcf7\" value=\"27\" \/><input type=\"hidden\" name=\"_wpcf7_version\" value=\"6.1.4\" \/><input type=\"hidden\" name=\"_wpcf7_locale\" value=\"cs_CZ\" \/><input type=\"hidden\" name=\"_wpcf7_unit_tag\" value=\"wpcf7-f27-o1\" \/><input type=\"hidden\" name=\"_wpcf7_container_post\" value=\"0\" \/><input type=\"hidden\" name=\"_wpcf7_posted_data_hash\" value=\"\" \/>\n<\/fieldset>\n<p><label> Va\u0161e jm\u00e9no (vy\u017eadov\u00e1no)<br \/>\n<span class=\"wpcf7-form-control-wrap\" data-name=\"your-name\"><input size=\"40\" maxlength=\"400\" class=\"wpcf7-form-control wpcf7-text wpcf7-validates-as-required\" aria-required=\"true\" aria-invalid=\"false\" value=\"\" type=\"text\" name=\"your-name\" \/><\/span> <\/label>\n<\/p>\n<p><label> V\u00e1\u0161 e-mail (vy\u017eadov\u00e1no)<br \/>\n<span class=\"wpcf7-form-control-wrap\" data-name=\"your-email\"><input size=\"40\" maxlength=\"400\" class=\"wpcf7-form-control wpcf7-email wpcf7-validates-as-required wpcf7-text wpcf7-validates-as-email\" aria-required=\"true\" aria-invalid=\"false\" value=\"\" type=\"email\" name=\"your-email\" \/><\/span> <\/label>\n<\/p>\n<p><label> P\u0159edm\u011bt<br \/>\n<span class=\"wpcf7-form-control-wrap\" data-name=\"your-subject\"><input size=\"40\" maxlength=\"400\" class=\"wpcf7-form-control wpcf7-text\" aria-invalid=\"false\" value=\"\" type=\"text\" name=\"your-subject\" \/><\/span> <\/label>\n<\/p>\n<p><label> Va\u0161e zpr\u00e1va<br \/>\n<span class=\"wpcf7-form-control-wrap\" data-name=\"your-message\"><textarea cols=\"40\" rows=\"10\" maxlength=\"2000\" class=\"wpcf7-form-control wpcf7-textarea\" aria-invalid=\"false\" name=\"your-message\"><\/textarea><\/span> <\/label><br \/>\n[recaptcha]<br \/>\n<input class=\"wpcf7-form-control wpcf7-submit has-spinner\" type=\"submit\" value=\"Odeslat\" \/>\n<\/p><p style=\"display: none !important;\" class=\"akismet-fields-container\" data-prefix=\"_wpcf7_ak_\"><label>&#916;<textarea name=\"_wpcf7_ak_hp_textarea\" cols=\"45\" rows=\"8\" maxlength=\"100\"><\/textarea><\/label><input type=\"hidden\" id=\"ak_js_1\" name=\"_wpcf7_ak_js\" value=\"100\"\/><script>document.getElementById( \"ak_js_1\" ).setAttribute( \"value\", ( new Date() ).getTime() );<\/script><\/p><div class=\"wpcf7-response-output\" aria-hidden=\"true\"><\/div>\n<\/form>\n<\/div>\n<\/div>\n<\/div>\n<\/div>","protected":false},"excerpt":{"rendered":"<p>Nechte sv\u00e9 t\u011blo i du\u0161i odpo\u010dinout \u2026 P\u0159ij\u010fte si odpo\u010dinout, osv\u011b\u017eit se, na\u010derpat nov\u00e9 s\u00edly, zv\u00fd\u0161it si sebev\u011bdom\u00ed a zbavit se stresu a zdravotn\u00edch pot\u00ed\u017e\u00ed spojen\u00fdch s va\u0161\u00edm usp\u011bchan\u00fdm a n\u00e1ro\u010dn\u00fdm zp\u016fsobem \u017eivota. P\u0159ij\u010fte a nechte se h\u00fd\u010dkat Nab\u00edz\u00edm V\u00e1m p\u0159\u00edjemn\u00e9 prost\u0159ed\u00ed, relaxaci p\u0159i sv\u00ed\u010dk\u00e1ch s p\u0159\u00edjemnou hudbou nebo i tichem. T\u011bhotensk\u00e1 mas\u00e1\u017e a mas\u00e1\u017e&hellip; <br \/> <a class=\"button small blue\" href=\"https:\/\/energy-masaze.cz\/?p=1\">Read more<\/a><\/p>\n","protected":false},"author":1,"featured_media":0,"parent":0,"menu_order":0,"comment_status":"closed","ping_status":"closed","template":"","meta":{"footnotes":""},"class_list":["post-28","page","type-page","status-publish","hentry"],"_links":{"self":[{"href":"https:\/\/energy-masaze.cz\/index.php?rest_route=\/wp\/v2\/pages\/28","targetHints":{"allow":["GET"]}}],"collection":[{"href":"https:\/\/energy-masaze.cz\/index.php?rest_route=\/wp\/v2\/pages"}],"about":[{"href":"https:\/\/energy-masaze.cz\/index.php?rest_route=\/wp\/v2\/types\/page"}],"author":[{"embeddable":true,"href":"https:\/\/energy-masaze.cz\/index.php?rest_route=\/wp\/v2\/users\/1"}],"replies":[{"embeddable":true,"href":"https:\/\/energy-masaze.cz\/index.php?rest_route=%2Fwp%2Fv2%2Fcomments&post=28"}],"version-history":[{"count":31,"href":"https:\/\/energy-masaze.cz\/index.php?rest_route=\/wp\/v2\/pages\/28\/revisions"}],"predecessor-version":[{"id":249,"href":"https:\/\/energy-masaze.cz\/index.php?rest_route=\/wp\/v2\/pages\/28\/revisions\/249"}],"wp:attachment":[{"href":"https:\/\/energy-masaze.cz\/index.php?rest_route=%2Fwp%2Fv2%2Fmedia&parent=28"}],"curies":[{"name":"wp","href":"https:\/\/api.w.org\/{rel}","templated":true}]}}